{"id":520,"date":"2022-05-27T06:50:41","date_gmt":"2022-05-27T06:50:41","guid":{"rendered":"https:\/\/claudio.es\/supermercados\/?page_id=520"},"modified":"2022-05-30T08:27:50","modified_gmt":"2022-05-30T08:27:50","slug":"supermercados","status":"publish","type":"page","link":"https:\/\/www.claudio.es\/supermercados\/","title":{"rendered":"Supermercados"},"content":{"rendered":"\t\t<div data-elementor-type=\"wp-page\" data-elementor-id=\"520\" class=\"elementor elementor-520\">\n\t\t\t\t\t\t<section class=\"elementor-section elementor-top-section elementor-element elementor-element-b2ec29f elementor-section-boxed elementor-section-height-default elementor-section-height-default\" data-id=\"b2ec29f\" data-element_type=\"section\" data-e-type=\"section\">\n\t\t\t\t\t\t<div class=\"elementor-container elementor-column-gap-default\">\n\t\t\t\t\t<div class=\"elementor-column elementor-col-100 elementor-top-column elementor-element elementor-element-4f9bc25\" data-id=\"4f9bc25\" data-element_type=\"column\" data-e-type=\"column\">\n\t\t\t<div class=\"elementor-widget-wrap elementor-element-populated\">\n\t\t\t\t\t\t<div class=\"elementor-element elementor-element-bc6cca2 anwp-pg-widget-header-style--b anwp-pg-post-teaser__post-icon--size-16 elementor-widget elementor-widget-anwp-pg-classic-grid\" data-id=\"bc6cca2\" data-element_type=\"widget\" data-e-type=\"widget\" data-widget_type=\"anwp-pg-classic-grid.default\">\n\t\t\t\t<div class=\"elementor-widget-container\">\n\t\t\t\t\t<div class=\"anwp-pg-wrap\">\n\n\t\n\t<div class=\"d-flex anwp-row flex-wrap anwp-pg-classic-grid anwp-pg-posts-wrapper\">\n\t\t<div class=\"anwp-pg-post-teaser anwp-pg-post-teaser--inner-cover-link anwp-pg-post-teaser--layout-d d-flex flex-column anwp-col-lg-12 anwp-col-sm-12 anwp-col-12\">\n\t<div class=\"anwp-pg-post-teaser__thumbnail position-relative\">\n\n\t\t\t\t\t<div class=\"anwp-pg-post-teaser__top-meta d-flex flex-column anwp-pg-post-teaser__category-column mr-auto\">\n\t\t\t\t<div class=\"anwp-pg-category__wrapper-filled px-2 d-flex align-items-center anwp-pg-post-teaser__category-wrapper align-self-start anwp-pg-category-parent-0\" style=\"background-color: #1565C0\"><span>Consejos para supermercados<\/span><\/div>\t\t\t<\/div>\n\t\t\t\n\t\t\n\t\t\t\t\t<img loading=\"lazy\" class=\"anwp-pg-post-teaser__thumbnail-img d-block anwp-pg-height-350 anwp-pg-sm-height-400 anwp-pg-lg-height-400 anwp-object-cover m-0 w-100\"\n\t\t\t\talt=\"D\u00f3nde abrir un supermercado franquiciado en Galicia: zonas con m\u00e1s potencial\"\n\t\t\t\tsrc=\"https:\/\/www.claudio.es\/supermercados\/wp-content\/uploads\/2026\/04\/donde-abriri-supermercado-franquiciado-galicia.jpg\"\/>\n\t\t\n\t\t<div class=\"anwp-pg-post-teaser__thumbnail-bg anwp-position-cover\"><\/div>\n\n\t\t<a class=\"anwp-position-cover anwp-link-without-effects\" href=\"https:\/\/www.claudio.es\/supermercados\/donde-abrir-un-supermercado-franquiciado-en-galicia\/\" aria-hidden=\"true\" ><\/a>\n\t<\/div>\n\n\t<div class=\"anwp-pg-post-teaser__content flex-grow-1 pt-1 d-flex flex-column\">\n\n\t\t<div class=\"anwp-pg-post-teaser__title anwp-font-heading mt-2\">\n\t\t\t<a class=\"anwp-link-without-effects\" href=\"https:\/\/www.claudio.es\/supermercados\/donde-abrir-un-supermercado-franquiciado-en-galicia\/\" aria-hidden=\"true\" >\n\t\t\t\tD\u00f3nde abrir un supermercado franquiciado en Galicia: zonas con m\u00e1s potencial\t\t\t<\/a>\n\t\t<\/div>\n\n\t\t<div class=\"anwp-pg-post-teaser__bottom-meta d-flex flex-wrap\">\n\n\t\t\t\t\t\t\t<div class=\"anwp-pg-post-teaser__bottom-meta-item d-flex align-items-center mr-3\">\n\t\t\t\t\t<svg class=\"anwp-pg-icon anwp-pg-icon--s16 mr-1\">\n\t\t\t\t\t\t<use xlink:href=\"#icon-anwp-pg-calendar\"><\/use>\n\t\t\t\t\t<\/svg>\n\t\t\t\t\t<span class=\"posted-on m-0\"><span class=\"screen-reader-text\">Posted on<\/span><time class=\"anwp-pg-published\" datetime=\"2026-04-09T14:37:17+00:00\">abril 9, 2026<\/time><time class=\"anwp-pg-updated\" datetime=\"2026-04-09T14:37:18+00:00\">abril 9, 2026<\/time><\/span>\n\t\t\t\t<\/div>\n\t\t\t\t\n\t\t\t\t\t<\/div>\n\n\t\t\t\t\t<div class=\"anwp-pg-post-teaser__excerpt mb-2\">\n\t\t\t\tUna buena ubicaci\u00f3n es uno de los pasos m\u00e1s importantes a la hora de abrir un supermercado franquiciado en Galicia. No solo debes encontrar un local disponible o una calle en la que pase mucha gente. Tambi\u00e9n deber\u00e1s conocer c\u00f3mo compran las personas, qu\u00e9 zonas tienen m\u00e1s margen de crecimiento y d\u00f3nde puede encajar mejor [&hellip;]\t\t\t<\/div>\n\t\t\n\t\t\n\t<\/div>\n\n<\/div>\n<div class=\"anwp-pg-post-teaser anwp-pg-post-teaser--inner-cover-link anwp-pg-post-teaser--layout-d d-flex flex-column anwp-col-lg-12 anwp-col-sm-12 anwp-col-12\">\n\t<div class=\"anwp-pg-post-teaser__thumbnail position-relative\">\n\n\t\t\t\t\t<div class=\"anwp-pg-post-teaser__top-meta d-flex flex-column anwp-pg-post-teaser__category-column mr-auto\">\n\t\t\t\t<div class=\"anwp-pg-category__wrapper-filled px-2 d-flex align-items-center anwp-pg-post-teaser__category-wrapper align-self-start anwp-pg-category-parent-0\" style=\"background-color: #1565C0\"><span>Consejos para supermercados<\/span><\/div>\t\t\t<\/div>\n\t\t\t\n\t\t\n\t\t\t\t\t<img loading=\"lazy\" class=\"anwp-pg-post-teaser__thumbnail-img d-block anwp-pg-height-350 anwp-pg-sm-height-400 anwp-pg-lg-height-400 anwp-object-cover m-0 w-100\"\n\t\t\t\talt=\"Qu\u00e9 gastos operativos impactan m\u00e1s en un supermercado franquiciado\"\n\t\t\t\tsrc=\"https:\/\/www.claudio.es\/supermercados\/wp-content\/uploads\/2026\/03\/gastos-operaticos-impactan-mas.jpg\"\/>\n\t\t\n\t\t<div class=\"anwp-pg-post-teaser__thumbnail-bg anwp-position-cover\"><\/div>\n\n\t\t<a class=\"anwp-position-cover anwp-link-without-effects\" href=\"https:\/\/www.claudio.es\/supermercados\/gastos-operativos-en-un-supermercado-franquiciado\/\" aria-hidden=\"true\" ><\/a>\n\t<\/div>\n\n\t<div class=\"anwp-pg-post-teaser__content flex-grow-1 pt-1 d-flex flex-column\">\n\n\t\t<div class=\"anwp-pg-post-teaser__title anwp-font-heading mt-2\">\n\t\t\t<a class=\"anwp-link-without-effects\" href=\"https:\/\/www.claudio.es\/supermercados\/gastos-operativos-en-un-supermercado-franquiciado\/\" aria-hidden=\"true\" >\n\t\t\t\tQu\u00e9 gastos operativos impactan m\u00e1s en un supermercado franquiciado\t\t\t<\/a>\n\t\t<\/div>\n\n\t\t<div class=\"anwp-pg-post-teaser__bottom-meta d-flex flex-wrap\">\n\n\t\t\t\t\t\t\t<div class=\"anwp-pg-post-teaser__bottom-meta-item d-flex align-items-center mr-3\">\n\t\t\t\t\t<svg class=\"anwp-pg-icon anwp-pg-icon--s16 mr-1\">\n\t\t\t\t\t\t<use xlink:href=\"#icon-anwp-pg-calendar\"><\/use>\n\t\t\t\t\t<\/svg>\n\t\t\t\t\t<span class=\"posted-on m-0\"><span class=\"screen-reader-text\">Posted on<\/span><time class=\"anwp-pg-published\" datetime=\"2026-03-20T08:58:16+00:00\">marzo 20, 2026<\/time><time class=\"anwp-pg-updated\" datetime=\"2026-03-20T08:58:17+00:00\">marzo 20, 2026<\/time><\/span>\n\t\t\t\t<\/div>\n\t\t\t\t\n\t\t\t\t\t<\/div>\n\n\t\t\t\t\t<div class=\"anwp-pg-post-teaser__excerpt mb-2\">\n\t\t\t\tLos gastos operativos son un concepto que siempre deber\u00e1s tener en cuenta en la gesti\u00f3n de tu supermercado. Son esos costes del d\u00eda a d\u00eda que marcan la diferencia entre un negocio rentable y uno que va m\u00e1s justo. En una franquicia como Claudio, todo est\u00e1 pensado para que la gesti\u00f3n sea m\u00e1s sencilla. Pero [&hellip;]\t\t\t<\/div>\n\t\t\n\t\t\n\t<\/div>\n\n<\/div>\n<div class=\"anwp-pg-post-teaser anwp-pg-post-teaser--inner-cover-link anwp-pg-post-teaser--layout-d d-flex flex-column anwp-col-lg-12 anwp-col-sm-12 anwp-col-12\">\n\t<div class=\"anwp-pg-post-teaser__thumbnail position-relative\">\n\n\t\t\t\t\t<div class=\"anwp-pg-post-teaser__top-meta d-flex flex-column anwp-pg-post-teaser__category-column mr-auto\">\n\t\t\t\t<div class=\"anwp-pg-category__wrapper-filled px-2 d-flex align-items-center anwp-pg-post-teaser__category-wrapper align-self-start anwp-pg-category-parent-0\" style=\"background-color: #1565C0\"><span>Franquicias para supermercados<\/span><\/div>\t\t\t<\/div>\n\t\t\t\n\t\t\n\t\t\t\t\t<img loading=\"lazy\" class=\"anwp-pg-post-teaser__thumbnail-img d-block anwp-pg-height-350 anwp-pg-sm-height-400 anwp-pg-lg-height-400 anwp-object-cover m-0 w-100\"\n\t\t\t\talt=\"C\u00f3mo se adapta Claudio Express a estaciones de servicio y zonas de paso\"\n\t\t\t\tsrc=\"https:\/\/www.claudio.es\/supermercados\/wp-content\/uploads\/2026\/03\/El-concepto-de-tienda-de-conveniencia-en-transito-de-Claudio-Express.jpg\"\/>\n\t\t\n\t\t<div class=\"anwp-pg-post-teaser__thumbnail-bg anwp-position-cover\"><\/div>\n\n\t\t<a class=\"anwp-position-cover anwp-link-without-effects\" href=\"https:\/\/www.claudio.es\/supermercados\/como-se-adapta-claudio-express-a-estaciones-de-servicio\/\" aria-hidden=\"true\" ><\/a>\n\t<\/div>\n\n\t<div class=\"anwp-pg-post-teaser__content flex-grow-1 pt-1 d-flex flex-column\">\n\n\t\t<div class=\"anwp-pg-post-teaser__title anwp-font-heading mt-2\">\n\t\t\t<a class=\"anwp-link-without-effects\" href=\"https:\/\/www.claudio.es\/supermercados\/como-se-adapta-claudio-express-a-estaciones-de-servicio\/\" aria-hidden=\"true\" >\n\t\t\t\tC\u00f3mo se adapta Claudio Express a estaciones de servicio y zonas de paso\t\t\t<\/a>\n\t\t<\/div>\n\n\t\t<div class=\"anwp-pg-post-teaser__bottom-meta d-flex flex-wrap\">\n\n\t\t\t\t\t\t\t<div class=\"anwp-pg-post-teaser__bottom-meta-item d-flex align-items-center mr-3\">\n\t\t\t\t\t<svg class=\"anwp-pg-icon anwp-pg-icon--s16 mr-1\">\n\t\t\t\t\t\t<use xlink:href=\"#icon-anwp-pg-calendar\"><\/use>\n\t\t\t\t\t<\/svg>\n\t\t\t\t\t<span class=\"posted-on m-0\"><span class=\"screen-reader-text\">Posted on<\/span><time class=\"anwp-pg-published\" datetime=\"2026-03-16T16:17:03+00:00\">marzo 16, 2026<\/time><time class=\"anwp-pg-updated\" datetime=\"2026-03-16T16:17:05+00:00\">marzo 16, 2026<\/time><\/span>\n\t\t\t\t<\/div>\n\t\t\t\t\n\t\t\t\t\t<\/div>\n\n\t\t\t\t\t<div class=\"anwp-pg-post-teaser__excerpt mb-2\">\n\t\t\t\tEl modelo de Claudio Express en estaciones de servicio responde a una realidad muy clara: soluciones r\u00e1pidas. Imagina que est\u00e1s en camino y paras unos minutos a repostar con tu coche. Es el momento de comprar algo de comer o llevar alg\u00fan producto b\u00e1sico. Es aqu\u00ed donde aparece Claudio Express como una tienda pr\u00e1ctica, c\u00f3moda [&hellip;]\t\t\t<\/div>\n\t\t\n\t\t\n\t<\/div>\n\n<\/div>\n\t<\/div>\n\t\n\t<nav aria-label=\"anwp-pg-pagination-navigation\" class=\"anwp-pg-pagination-navigation position-relative\">\n\t<ul class=\"anwp-pg-pagination mx-0 justify-content-center flex-wrap\"\n\t\tdata-anwp-show_previous=\"yes\"\n\t\tdata-anwp-show_next=\"yes\"\n\t\tdata-anwp-show_first_ellipsis=\"yes\"\n\t\tdata-anwp-show_last_ellipsis=\"yes\"\n\t\tdata-anwp-auto_hide_previous=\"no\"\n\t\tdata-anwp-auto_hide_next=\"no\"\n\t\tdata-anwp-show_page_numbers=\"yes\"\n\t\tdata-anwp-page_range=\"2\"\n\t\tdata-anwp-text_previous=\"\"\n\t\tdata-anwp-text_next=\"\"\n\t\tdata-anwp-total=\"81\"\n\t\tdata-anwp-limit=\"3\"\n\t\tdata-anwp-pagination=\"{&quot;posts_to_show&quot;:&quot;latest&quot;,&quot;include_ids&quot;:&quot;&quot;,&quot;exclude_ids&quot;:&quot;&quot;,&quot;exclude_by_category&quot;:&quot;&quot;,&quot;filter_by_category&quot;:&quot;&quot;,&quot;filter_by_tag&quot;:&quot;&quot;,&quot;filter_by_post_format&quot;:&quot;all&quot;,&quot;filter_by_author&quot;:&quot;&quot;,&quot;published_in_last_days&quot;:0,&quot;limit&quot;:3,&quot;offset&quot;:0,&quot;grid_cols&quot;:1,&quot;grid_cols_tablet&quot;:1,&quot;grid_cols_mobile&quot;:1,&quot;grid_thumbnail_size&quot;:&quot;full&quot;,&quot;show_category&quot;:&quot;yes&quot;,&quot;category_limit&quot;:1,&quot;show_date&quot;:&quot;yes&quot;,&quot;show_author&quot;:&quot;&quot;,&quot;show_comments&quot;:&quot;&quot;,&quot;card_height&quot;:{&quot;unit&quot;:&quot;px&quot;,&quot;size&quot;:400,&quot;sizes&quot;:[]},&quot;show_excerpt&quot;:&quot;yes&quot;,&quot;excerpt_num_words&quot;:360,&quot;excerpt_source&quot;:&quot;&quot;,&quot;excerpt_html&quot;:&quot;no&quot;,&quot;layout&quot;:&quot;d&quot;,&quot;show_read_more&quot;:&quot;no&quot;,&quot;read_more_label&quot;:&quot;&quot;,&quot;read_more_class&quot;:&quot;&quot;,&quot;post_image_width&quot;:&quot;1_3&quot;,&quot;show_post_icon&quot;:&quot;yes&quot;,&quot;query_source&quot;:&quot;posts&quot;,&quot;related_posts&quot;:&quot;&quot;,&quot;related_posts_order&quot;:&quot;&quot;,&quot;card_height_mobile&quot;:{&quot;unit&quot;:&quot;px&quot;,&quot;size&quot;:350,&quot;sizes&quot;:[]},&quot;card_height_tablet&quot;:&quot;&quot;,&quot;filter_by_c_tax&quot;:&quot;&quot;,&quot;labels_by_c_tax&quot;:&quot;&quot;}\"><\/ul>\n<\/nav>\n<\/div>\n\t\t\t\t<\/div>\n\t\t\t\t<\/div>\n\t\t\t\t\t<\/div>\n\t\t<\/div>\n\t\t\t\t\t<\/div>\n\t\t<\/section>\n\t\t\t\t<\/div>\n\t\t","protected":false},"excerpt":{"rendered":"<p>Supermercados en Betanzos Supermercados Claudio y Claudio Express en Betanzos Posted onmayo 5, 2022mayo 5, 2022 Betanzos es un municipio de la provincia de A Coru\u00f1a que forma parte del \u00e1rea metropolitana de la capital herculina. Un lugar muy tur\u00edstico y cuyo casco antiguo est\u00e1 declarado Conjunto Hist\u00f3rico Art\u00edstico. Si vienes por aqu\u00ed, podr\u00e1s disponer [&hellip;]<\/p>\n","protected":false},"author":1,"featured_media":0,"parent":0,"menu_order":0,"comment_status":"closed","ping_status":"closed","template":"","meta":{"footnotes":""},"class_list":["post-520","page","type-page","status-publish","hentry"],"_links":{"self":[{"href":"https:\/\/www.claudio.es\/supermercados\/wp-json\/wp\/v2\/pages\/520","targetHints":{"allow":["GET"]}}],"collection":[{"href":"https:\/\/www.claudio.es\/supermercados\/wp-json\/wp\/v2\/pages"}],"about":[{"href":"https:\/\/www.claudio.es\/supermercados\/wp-json\/wp\/v2\/types\/page"}],"author":[{"embeddable":true,"href":"https:\/\/www.claudio.es\/supermercados\/wp-json\/wp\/v2\/users\/1"}],"replies":[{"embeddable":true,"href":"https:\/\/www.claudio.es\/supermercados\/wp-json\/wp\/v2\/comments?post=520"}],"version-history":[{"count":22,"href":"https:\/\/www.claudio.es\/supermercados\/wp-json\/wp\/v2\/pages\/520\/revisions"}],"predecessor-version":[{"id":638,"href":"https:\/\/www.claudio.es\/supermercados\/wp-json\/wp\/v2\/pages\/520\/revisions\/638"}],"wp:attachment":[{"href":"https:\/\/www.claudio.es\/supermercados\/wp-json\/wp\/v2\/media?parent=520"}],"curies":[{"name":"wp","href":"https:\/\/api.w.org\/{rel}","templated":true}]}}